{"id":397,"date":"2025-06-23T14:43:27","date_gmt":"2025-06-23T12:43:27","guid":{"rendered":"https:\/\/ebreboto.com\/avis-legal\/"},"modified":"2025-06-24T01:22:02","modified_gmt":"2025-06-23T23:22:02","slug":"avis-legal","status":"publish","type":"page","link":"https:\/\/ebreboto.com\/ca\/avis-legal\/","title":{"rendered":"Av\u00eds Legal"},"content":{"rendered":"\t\t<div data-elementor-type=\"wp-page\" data-elementor-id=\"397\" class=\"elementor elementor-397 elementor-23\" data-elementor-post-type=\"page\">\n\t\t\t\t<div class=\"elementor-element elementor-element-ad843e2 e-flex e-con-boxed e-con e-parent\" data-id=\"ad843e2\" data-element_type=\"container\" data-e-type=\"container\">\n\t\t\t\t\t<div class=\"e-con-inner\">\n\t\t\t\t<div class=\"elementor-element elementor-element-07b6dea elementor-widget elementor-widget-text-editor\" data-id=\"07b6dea\" data-element_type=\"widget\" data-e-type=\"widget\" data-widget_type=\"text-editor.default\">\n\t\t\t\t<div class=\"elementor-widget-container\">\n\t\t\t\t\t\t\t\t\t<div class=\"row\"><div class=\"col col-xl-10 mx-auto\"><div class=\"paper\"><header class=\"text-center\"><h2 class=\"m-auto\">Av\u00eds legal i condicions generals d\u2019\u00fas<\/h2><h4><span class=\"blanc-space ng-binding\">https:\/\/ebreboto.com<\/span><\/h4><\/header><div><h3>I. Informaci\u00f3 general<\/h3><p>En compliment del deure d\u2019informaci\u00f3 proporcionada a la llei 34\/2002 sobre serveis de la Societat de la Informaci\u00f3 i Comer\u00e7 electr\u00f2nic (LSSI-CE) de l\u201911 de juliol, es faciliten les dades d\u2019informaci\u00f3 generals seg\u00fcents d\u2019aquest lloc web: es faciliten:<\/p><p>Es fa la propietat d\u2019aquest lloc web, <span class=\"blanc-space ng-binding\">https:\/\/ebebeboto.com<\/span>, (en endavant, lloc web): <span class=\"blanc-space ng-binding\">Rogelio Figueras llaveria, <\/span>amb NIF: <span class=\"blanc-space ng-binding\">40928528M<\/span>, i les dades de contacte s\u00f3n:<\/p><p class=\"ng-hide\">La titularitat d&#8217;aquest lloc web, <span class=\"blanc-space ng-binding\">https:\/\/ebreboto.com<\/span>, (d&#8217;ara endavant, Lloc Web) l&#8217;ostenta: , prove\u00efda de NIF: i inscrita a: amb les dades registrals seg\u00fcents: , el representant de les quals \u00e9s: , i les dades de contacte de les quals s\u00f3n:<\/p><p>Adre\u00e7a: <span class=\"blanc-space ng-binding\">Pol. Ind. &#8220;Barranc de Lled\u00f3&#8221; Parc 17. nav 2 &#8211; 43570 &#8211; Santa Barbara<\/span><\/p><p>Tel\u00e8fon de contacte: <span class=\"blanc-space ng-binding\">+34977718639<\/span><\/p><p class=\"ng-hide\">Fax:<\/p><p>Email de contacte:<\/p><h3>II. TERMES I CONDICIONS GENERALS D&#8217;\u00daS <\/h3><h4>L&#8217;objecte de les condicions: El Lloc Web<\/h4><p>L&#8217;objecte d&#8217;aquestes Condicions Generals d&#8217;\u00das (d&#8217;ara endavant, Condicions) \u00e9s regular l&#8217;acc\u00e9s i la utilitzaci\u00f3 del Lloc Web. Als efectes de les presents Condicions s&#8217;entendr\u00e0 com a Lloc Web: l&#8217;aparen\u00e7a externa de les interf\u00edcies de pantalla, tant de forma est\u00e0tica com de forma din\u00e0mica, \u00e9s a dir, l&#8217;arbre de navegaci\u00f3; i tots els elements integrats tant a les interf\u00edcies de pantalla com a l&#8217;arbre de navegaci\u00f3 (d&#8217;ara endavant, Continguts) i tots aquells serveis o recursos en l\u00ednia que si escau ofereixi als Usuaris (d&#8217;ara endavant, Serveis). <\/p><p><span class=\"blanc-space ng-binding\">Empresa de fabricaci\u00f3 de botons<\/span> es reserva la facultat de modificar, en qualsevol moment, i sense av\u00eds previ, la presentaci\u00f3 i configuraci\u00f3 del Lloc Web i dels Continguts i Serveis que hi poguessin estar incorporats. L&#8217;Usuari reconeix i accepta que en qualsevol moment <span class=\"blanc-space ng-binding\">Empresa de fabricaci\u00f3 de botons<\/span> pugui interrompre, desactivar i\/o cancel\u00b7lar qualsevol d&#8217;aquests elements que s&#8217;integren al Lloc Web o accedir-hi. <\/p><p>L&#8217;acc\u00e9s al Lloc Web per l&#8217;Usuari t\u00e9 car\u00e0cter lliure i, per regla general, \u00e9s gratu\u00eft sense que l&#8217;Usuari hagi de proporcionar una contraprestaci\u00f3 per poder gaudir-ne, llevat del cost de connexi\u00f3 a trav\u00e9s de la xarxa de telecomunicacions subministrada pel prove\u00efdor d&#8217;acc\u00e9s que hagi contractat l&#8217;Usuari.<\/p><p class=\"ng-hide\">A part del cost de connexi\u00f3 a trav\u00e9s de la xarxa de telecomunicacions subministrada pel prove\u00efdor d&#8217;acc\u00e9s, i que hagi contractat l&#8217;Usuari, alguns dels Continguts o Serveis oferts per <span class=\"blanc-space ng-binding\">Empresa de fabricaci\u00f3 de botons<\/span> o, si escau, tercers a trav\u00e9s del Lloc Web poden trobar-se subjectes a la contractaci\u00f3 pr\u00e8via del Contingut o Servei. En aquest cas s&#8217;especificar\u00e0 o Particulars per les quals aix\u00f2 es regeixi.<\/p><p class=\"ng-hide\">La utilitzaci\u00f3 d&#8217;algun dels continguts o serveis del lloc web es pot fer mitjan\u00e7ant la subscripci\u00f3 o el registre previ de l&#8217;usuari.<\/p><p class=\"\">La utilitzaci\u00f3 dels continguts no requereix pr\u00e8via subscripci\u00f3 o registre.<\/p><h4>L&#8217;Usuari<\/h4><p>L&#8217;acc\u00e9s, la navegaci\u00f3 i l&#8217;\u00fas del Lloc Web, <span class=\"ng-hide\">aix\u00ed com pels espais habilitats per interactuar entre els Usuaris, i l&#8217;Usuari i Empresa <span class=\"blanc-space ng-binding\">de fabricaci\u00f3 de botons<\/span>, com els comentaris i\/o espais de blogging,<\/span> confereix la condici\u00f3 d&#8217;Usuari, per la qual cosa s&#8217;accepten, des que s&#8217;inicia la navegaci\u00f3 pel Lloc legal, totes les Condicions aqu\u00ed establertes, aix\u00ed com les Condicions aqu\u00ed establertes, aix\u00ed com obligat compliment segons el cas. Atesa la rellev\u00e0ncia de l&#8217;anterior, es recomana a l&#8217;Usuari llegir-les cada vegada que visiteu el Lloc Web. <\/p><p>El lloc web <span class=\"blanc-space ng-binding\">d&#8217;empresa de fabricaci\u00f3 de botons <\/span>proporciona una gran diversitat d&#8217;informaci\u00f3, serveis i dades. L&#8217;Usuari assumeix la seva responsabilitat per fer un \u00fas correcte del Lloc Web. Aquesta responsabilitat s&#8217;estendr\u00e0 a:  <\/p><ul><li>Un \u00fas de la informaci\u00f3, continguts i\/o serveis i dades ofertes per <span class=\"blanc-space ng-binding\">Empresa de fabricaci\u00f3 de botons<\/span> sense que sigui contrari al que disposen aquestes Condicions, la Llei, la moral o l&#8217;ordre p\u00fablic, o que de qualsevol altra manera puguin suposar lesi\u00f3 dels drets de tercers o del mateix funcionament del Lloc Web.<\/li><li>La veracitat i licitud de les informacions aportades per l&#8217;usuari en els formularis estesos per <span class=\"blanc-space ng-binding\">empresa de fabricaci\u00f3 de botons<\/span> per a l&#8217;acc\u00e9s a certs continguts o serveis oferts pel lloc web. En tot cas, l&#8217;usuari notificar\u00e0 de forma immediata a <span class=\"blanc-space ng-binding\">empresa de fabricaci\u00f3 de botons<\/span> sobre qualsevol fet que permeti l&#8217;\u00fas indegut de la informaci\u00f3 registrada, o l&#8217;acc\u00e9s no autoritzat a identificadors i\/o contrasenyes, per tal de procedir a la cancel\u00b7laci\u00f3 immediata. <\/li><\/ul><p class=\"ng-hide\"><span class=\"blanc-space ng-binding\">Empresa de fabricaci\u00f3 de botons<\/span> es reserva el dret de retirar tots aquells comentaris i aportacions que vulnerin la llei, el respecte a la dignitat de la persona, que siguin discriminatoris, xen\u00f2fobs, racistes, pornogr\u00e0fics, spamming, que atemptin contra la joventut o la inf\u00e0ncia, l&#8217;ordre o la seguretat p\u00fablica o que, segons el seu parer, no.<\/p><p class=\"ng-hide\">En cualquier caso, <span class=\"blanc-space ng-binding\">Empresa de fabricaci\u00f3n de botones<\/span> no ser\u00e1 responsable de las opiniones vertidas por los Usuarios a trav\u00e9s de comentarios u otras herramientas de blogging o de participaci\u00f3n que pueda haber.<\/p><p>El mer acc\u00e9s a aquest Lloc Web no suposa entaular cap mena de relaci\u00f3 de car\u00e0cter comercial entre <span class=\"blanc-space ng-binding\">Empresa de fabricaci\u00f3 de botons<\/span> i l&#8217;Usuari.<\/p><p class=\"ng-hide\">L&#8217;Usuari declara que \u00e9s m\u00e9s gran i disposar de la capacitat jur\u00eddica suficient per vincular-se per aquestes Condicions. Per tant, aquest Lloc Web <span class=\"blanc-space ng-binding\">d\u00b4Empresa de fabricaci\u00f3 de botons <\/span>no sadre\u00e7a a menors d\u00b4edat. <span class=\"blanc-space ng-binding\">Empresa de fabricaci\u00f3 de botons<\/span> declina qualsevol responsabilitat per incomplir aquest requisit. <\/p><p class=\"\">Sempre en el respecte de la legislaci\u00f3 vigent, aquest Lloc Web<span class=\"blanc-space ng-binding\"> d&#8217;Empresa de fabricaci\u00f3 de botons<\/span> s&#8217;adre\u00e7a a totes les persones, sense importar-ne l&#8217;edat, que puguin accedir i\/o navegar per les p\u00e0gines del Lloc Web.<\/p><p>El Lloc Web est\u00e0 dirigit principalment a Usuaris residents a <span class=\"blanc-space ng-binding\">Espanya<\/span>. <span class=\"blanc-space ng-binding\">Empresa de fabricaci\u00f3 de botons<\/span> no assegura que el Lloc Web compleixi amb legislacions d&#8217;altres pa\u00efsos, ja sigui totalment o parcialment. Si l&#8217;Usuari resideix o t\u00e9 el seu domiciliat en un altre lloc i decideix accedir i\/o navegar al Lloc Web ho far\u00e0 sota la seva pr\u00f2pia responsabilitat, assegureu-vos que aquest acc\u00e9s i navegaci\u00f3 compleix amb la legislaci\u00f3 local que li \u00e9s aplicable, no assumint cap <span class=\"blanc-space ng-binding\">Empresa de fabricaci\u00f3 de botons<\/span> que es pugui derivar d&#8217;aquest acc\u00e9s. <\/p><h3>III. ACC\u00c9S I NAVEGACI\u00d3 AL LLOC WEB: EXCLUSI\u00d3 DE GARANTIES I RESPONSABILITAT <\/h3><p><span class=\"blanc-space ng-binding\">Empresa de fabricaci\u00f3 de botons<\/span> no garanteix la continu\u00eftat, disponibilitat i utilitat del Lloc Web, ni dels Continguts o Serveis. <span class=\"blanc-space ng-binding\">Empresa de fabricaci\u00f3 de botons<\/span> far\u00e0 tot el possible pel bon funcionament del Lloc Web, per\u00f2, no es responsabilitza ni garanteix que l&#8217;acc\u00e9s a aquest Lloc Web no sigui ininterromput o que estigui lliure d&#8217;error.<\/p><p>Tampoc no es responsabilitza o garanteix que el contingut o programari al qual es pugui accedir a trav\u00e9s d&#8217;aquest Lloc Web, estigui lliure d&#8217;error o causi un dany al sistema inform\u00e0tic (programari i maquinari) de l&#8217;Usuari. En cap cas <span class=\"blanc-space ng-binding\">Empresa de fabricaci\u00f3 de botons <\/span>ser\u00e0 responsable per les p\u00e8rdues, danys o perjudicis de qualsevol tipus que sorgeixin per l&#8217;acc\u00e9s, navegaci\u00f3 i \u00fas del Lloc Web, incloent-se, per\u00f2 no limitant-se, als ocasionats als sistemes inform\u00e0tics o els provocats per la introducci\u00f3 de virus. <\/p><p><span class=\"blanc-space ng-binding\">Empresa de fabricaci\u00f3 de botons<\/span> tampoc no es fa responsable dels danys que poguessin ocasionar-se als usuaris per un \u00fas inadequat d&#8217;aquest Lloc Web. En particular, no es fa responsable de cap manera de les caigudes, interrupcions, falta o defecte de les telecomunicacions que poguessin oc\u00f3rrer. <\/p><h3>IV. POL\u00cdTICA D&#8217;ENLLA\u00c7OS <\/h3><p class=\"ng-hide\">S&#8217;informa que el Lloc Web <span class=\"blanc-space ng-binding\">d&#8217;Empresa de fabricaci\u00f3 de botons<\/span> posa o pot posar a disposici\u00f3 dels usuaris mitjans d&#8217;enlla\u00e7 (com, entre d&#8217;altres, links, banners, botons), directoris i motors de cerca que permeten als usuaris accedir a llocs web pertanyents i\/o gestionats per tercers.<\/p><p class=\"ng-hide\">La instal\u00b7laci\u00f3 d&#8217;aquests enlla\u00e7os, directoris i motors de cerca al Lloc Web t\u00e9 per objecte facilitar als Usuaris la cerca i acc\u00e9s a la informaci\u00f3 disponible a Internet, sense que es pugui considerar un suggeriment, recomanaci\u00f3 o invitaci\u00f3 per visitar-los.<\/p><p class=\"ng-hide\"><span class=\"blanc-space ng-binding\">Empresa de fabricaci\u00f3 de botons<\/span> no ofereix ni comercialitza per si ni per mitj\u00e0 de tercers els productes i\/o serveis disponibles en aquests llocs enlla\u00e7ats.<\/p><p class=\"ng-hide\"><span class=\"blanc-space ng-binding\">Empresa de fabricaci\u00f3 de botons<\/span> ofereix continguts patrocinats, anuncis i\/o enlla\u00e7os d&#8217;afiliats. La informaci\u00f3 que apareix en aquests enlla\u00e7os d&#8217;afiliats o els anuncis inserits, s\u00f3n facilitats pels mateixos anunciants, per la qual cosa <span class=\"blanc-space ng-binding\">Empresa de fabricaci\u00f3 de botons<\/span> no es fa responsable de possibles inexactituds o errors que poguessin contenir els anuncis, ni garanteix de cap manera l&#8217;experi\u00e8ncia, integritat o responsabilitat dels anunciants o la qualitat dels seus productes i\/o serveis. <\/p><p class=\"ng-hide\">Aix\u00ed mateix, tampoc garantir\u00e0 la disponibilitat t\u00e8cnica, exactitud, veracitat, validesa o legalitat de llocs aliens a la seva propietat a qu\u00e8 es pugui accedir per mitj\u00e0 dels enlla\u00e7os.<\/p><p class=\"ng-hide\"><span class=\"blanc-space ng-binding\">Empresa de fabricaci\u00f3 de botons<\/span> en cap cas revisar\u00e0 o controlar\u00e0 el contingut d&#8217;altres llocs web, aix\u00ed com tampoc aprova, examina ni fa propis els productes i serveis, continguts, arxius i qualsevol altre material existent als referits llocs enlla\u00e7ats.<\/p><p class=\"ng-hide\"><span class=\"blanc-space ng-binding\">Empresa de fabricaci\u00f3 de botons<\/span> no assumeix cap responsabilitat pels danys i perjudicis que poguessin produir-se per l&#8217;acc\u00e9s, \u00fas, qualitat o licitud dels continguts, comunicacions, opinions, productes i serveis dels llocs web no gestionats per <span class=\"blanc-space ng-binding\">Empresa de fabricaci\u00f3 de botons<\/span> i que siguin enlla\u00e7ats a aquest Lloc Web.<\/p><p>L&#8217;Usuari o tercer que faci un hiperenlla\u00e7 des d&#8217;una p\u00e0gina web d&#8217;un altre, diferent, lloc web al Lloc Web d&#8217;<span class=\"blanc-space ng-binding\">Empresa de fabricaci\u00f3 de botons<\/span> haur\u00e0 de saber que:<\/p><p>No es permet la reproducci\u00f3 \u2014totalment o parcialment\u2014 de cap dels continguts i\/o serveis del lloc web sense autoritzaci\u00f3 expressa <span class=\"blanc-space ng-binding\">d&#8217;empresa de fabricaci\u00f3 de botons.<\/span><\/p><p>No es permet tampoc cap manifestaci\u00f3 falsa, inexacta o incorrecta sobre el Lloc Web<span class=\"blanc-space ng-binding\"> d&#8217;Empresa de fabricaci\u00f3 de botons,<\/span> ni sobre els seus Continguts i\/o Serveis.<\/p><p>A excepci\u00f3 de l&#8217;hiperenlla\u00e7, el lloc web on s&#8217;estableixi aquest hiperenlla\u00e7 no contindr\u00e0 cap element d&#8217;aquest Lloc Web, protegit com a propietat intel\u00b7lectual per l&#8217;ordenament jur\u00eddic espanyol, llevat d&#8217;autoritzaci\u00f3 expressa <span class=\"blanc-space ng-binding\">d&#8217;Empresa de fabricaci\u00f3 de botons.<\/span><\/p><p>L&#8217;establiment de l&#8217;hipervincle no implicar\u00e0 l&#8217;exist\u00e8ncia de relacions entre <span class=\"blanc-space ng-binding\">Empresa de fabricaci\u00f3 de botons<\/span> i el titular del lloc web des del qual es realitzi, ni el coneixement i l&#8217;acceptaci\u00f3 <span class=\"blanc-space ng-binding\">d&#8217;Empresa de fabricaci\u00f3 de botons <\/span>dels continguts, serveis i\/o activitats ofertes en aquest lloc web, i viceversa.<\/p><h3>V. PROPIETAT INTEL\u00b7LECTUAL I INDUSTRIAL<\/h3><p><span class=\"blanc-space ng-binding\">Empresa de fabricaci\u00f3 de botons<\/span> per si o com a part cession\u00e0ria, \u00e9s titular de tots els drets de propietat intel\u00b7lectual i industrial del Lloc Web, aix\u00ed com dels elements continguts en aquest (a t\u00edtol enunciatiu i no exhaustiu, imatges, so, \u00e0udio, v\u00eddeo, programari o textos, marques o logotips, combinacions de colors, estructura i disseny, selecci\u00f3 de materials usats, programes. Seran, per tant, obres protegides com a propietat intel\u00b7lectual per l&#8217;ordenament jur\u00eddic espanyol, i els seran aplicables tant la normativa espanyola i comunit\u00e0ria en aquest camp, com els tractats internacionals relatius a la mat\u00e8ria i subscrits per Espanya. <\/p><p>Tots els drets reservats. En virtut del que disposa la Llei de propietat intel\u00b7lectual, queden expressament prohibides la reproducci\u00f3, la distribuci\u00f3 i la comunicaci\u00f3 p\u00fablica, inclosa la seva modalitat de posada a disposici\u00f3, de la totalitat o part dels continguts d&#8217;aquesta p\u00e0gina web, amb fins comercials, en qualsevol suport i per qualsevol mitj\u00e0 t\u00e8cnic, sense l&#8217;autoritzaci\u00f3 <span class=\"blanc-space ng-binding\">d&#8217;empresa de fabricaci\u00f3 de botons.<\/span> <\/p><p>L&#8217;usuari es compromet a respectar els drets de propietat intel\u00b7lectual i industrial d<span class=\"blanc-space ng-binding\">&#8216;empresa de fabricaci\u00f3 de botons.<\/span> Podreu visualitzar els elements del Lloc Web o fins i tot imprimir-los, copiar-los i emmagatzemar-los al disc dur del vostre ordinador o en qualsevol altre suport f\u00edsic sempre que sigui, exclusivament, per al seu \u00fas personal. L&#8217;Usuari, per\u00f2, no podr\u00e0 suprimir, alterar, o manipular qualsevol dispositiu de protecci\u00f3 o sistema de seguretat que estigu\u00e9s instal\u00b7lat al Lloc Web.  <\/p><p>En cas que l&#8217;Usuari o tercer consideri que qualsevol dels Continguts del Lloc Web suposi una violaci\u00f3 dels drets de protecci\u00f3 de la propietat intel\u00b7lectual, ho haur\u00e0 de comunicar immediatament a <span class=\"blanc-space ng-binding\">Empresa de fabricaci\u00f3 de botons<\/span> a trav\u00e9s de les dades de contacte de l&#8217;apartat d&#8217;INFORMACI\u00d3 GENERAL d&#8217;aquest Av\u00eds Legal i Condicions Generals d&#8217;\u00das.<\/p><h3>VI. ACCIONS LEGALS, LEGISLACI\u00d3 APLICABLE I JURISDICCI\u00d3 <\/h3><p><span class=\"blanc-space ng-binding\">Empresa de fabricaci\u00f3 de botons<\/span> es reserva la facultat de presentar les accions civils o penals que consideri necess\u00e0ries per la utilitzaci\u00f3 indeguda del Lloc Web i Continguts, o per l&#8217;incompliment de les presents Condicions.<\/p><p>La relaci\u00f3 entre l&#8217;Usuari i l&#8217;<span class=\"blanc-space ng-binding\">Empresa de fabricaci\u00f3 de botons<\/span> es regir\u00e0 per la normativa vigent i d&#8217;aplicaci\u00f3 al territori espanyol. Si sorgeix qualsevol controv\u00e8rsia en relaci\u00f3 amb la interpretaci\u00f3 i\/o l&#8217;aplicaci\u00f3 d&#8217;aquestes Condicions, les parts sotmetran els seus conflictes a la jurisdicci\u00f3 ordin\u00e0ria sotmetent-se als jutges i tribunals que corresponguin d&#8217;acord amb el dret. <\/p><\/div><\/div><\/div><\/div>\t\t\t\t\t\t\t\t<\/div>\n\t\t\t\t<\/div>\n\t\t\t\t\t<\/div>\n\t\t\t\t<\/div>\n\t\t\t\t<\/div>\n\t\t","protected":false},"excerpt":{"rendered":"<p>Av\u00eds legal i condicions generals d\u2019\u00fas https:\/\/ebreboto.com I. Informaci\u00f3 general En compliment del deure d\u2019informaci\u00f3 proporcionada a la llei 34\/2002 sobre serveis de la Societat de la Informaci\u00f3 i Comer\u00e7 electr\u00f2nic (LSSI-CE) de l\u201911 de juliol, es faciliten les dades d\u2019informaci\u00f3 generals seg\u00fcents d\u2019aquest lloc web: es faciliten: Es fa la propietat d\u2019aquest lloc web, [&hellip;]<\/p>\n","protected":false},"author":1,"featured_media":0,"parent":0,"menu_order":0,"comment_status":"closed","ping_status":"closed","template":"","meta":{"footnotes":""},"class_list":["post-397","page","type-page","status-publish","hentry"],"_links":{"self":[{"href":"https:\/\/ebreboto.com\/ca\/wp-json\/wp\/v2\/pages\/397","targetHints":{"allow":["GET"]}}],"collection":[{"href":"https:\/\/ebreboto.com\/ca\/wp-json\/wp\/v2\/pages"}],"about":[{"href":"https:\/\/ebreboto.com\/ca\/wp-json\/wp\/v2\/types\/page"}],"author":[{"embeddable":true,"href":"https:\/\/ebreboto.com\/ca\/wp-json\/wp\/v2\/users\/1"}],"replies":[{"embeddable":true,"href":"https:\/\/ebreboto.com\/ca\/wp-json\/wp\/v2\/comments?post=397"}],"version-history":[{"count":2,"href":"https:\/\/ebreboto.com\/ca\/wp-json\/wp\/v2\/pages\/397\/revisions"}],"predecessor-version":[{"id":470,"href":"https:\/\/ebreboto.com\/ca\/wp-json\/wp\/v2\/pages\/397\/revisions\/470"}],"wp:attachment":[{"href":"https:\/\/ebreboto.com\/ca\/wp-json\/wp\/v2\/media?parent=397"}],"curies":[{"name":"wp","href":"https:\/\/api.w.org\/{rel}","templated":true}]}}