{"id":399,"date":"2025-06-23T14:49:06","date_gmt":"2025-06-23T12:49:06","guid":{"rendered":"https:\/\/ebreboto.com\/botons-de-coro-natural\/"},"modified":"2025-06-23T14:49:07","modified_gmt":"2025-06-23T12:49:07","slug":"botons-de-coro-natural","status":"publish","type":"page","link":"https:\/\/ebreboto.com\/ca\/botons-de-coro-natural\/","title":{"rendered":"Botons de Cor\u00f3 Natural"},"content":{"rendered":"\t\t<div data-elementor-type=\"wp-page\" data-elementor-id=\"399\" class=\"elementor elementor-399 elementor-131\" data-elementor-post-type=\"page\">\n\t\t\t\t<div class=\"elementor-element elementor-element-fb43b04 e-flex e-con-boxed e-con e-parent\" data-id=\"fb43b04\" data-element_type=\"container\" data-e-type=\"container\" data-settings=\"{&quot;background_background&quot;:&quot;classic&quot;}\">\n\t\t\t\t\t<div class=\"e-con-inner\">\n\t\t\t\t\t<\/div>\n\t\t\t\t<\/div>\n\t\t<div class=\"elementor-element elementor-element-cd2c2f5 e-flex e-con-boxed e-con e-parent\" data-id=\"cd2c2f5\" data-element_type=\"container\" data-e-type=\"container\">\n\t\t\t\t\t<div class=\"e-con-inner\">\n\t\t<div class=\"elementor-element elementor-element-b99b0d1 e-con-full e-flex e-con e-child\" data-id=\"b99b0d1\" data-element_type=\"container\" data-e-type=\"container\">\n\t\t\t\t<div class=\"elementor-element elementor-element-c4c5670 elementor-widget elementor-widget-heading\" data-id=\"c4c5670\" data-element_type=\"widget\" data-e-type=\"widget\" data-widget_type=\"heading.default\">\n\t\t\t\t<div class=\"elementor-widget-container\">\n\t\t\t\t\t<h1 class=\"elementor-heading-title elementor-size-default\">Cor\u00f3 Natural\n<\/h1>\t\t\t\t<\/div>\n\t\t\t\t<\/div>\n\t\t\t\t<div class=\"elementor-element elementor-element-24f6f21 elementor-widget elementor-widget-text-editor\" data-id=\"24f6f21\" data-element_type=\"widget\" data-e-type=\"widget\" data-widget_type=\"text-editor.default\">\n\t\t\t\t<div class=\"elementor-widget-container\">\n\t\t\t\t\t\t\t\t\t<p>El nostre bot\u00f3 de cor\u00f3s natural procedeix de l&#8217;arbre que produeix la castanya Tagua, un material 100% vegetal i sostenible. Cada pe\u00e7a s \u201cextreu de forma responsable de la llavor d\u201d aquest palmell, cosa que li brinda un to c\u00e0lid i una textura lleugerament vetejada. Gr\u00e0cies al seu acabat mat ia la seva resist\u00e8ncia, el cor \u00e9s ideal per aportar un toc aut\u00e8ntic i ecol\u00f2gic a qualsevol pe\u00e7a. La seva lleugeresa i durabilitat el converteixen en una opci\u00f3 perfecta per a dissenyadors que busquen productes naturals sense renunciar a la qualitat.<\/p>\t\t\t\t\t\t\t\t<\/div>\n\t\t\t\t<\/div>\n\t\t\t\t<div class=\"elementor-element elementor-element-ba14dea elementor-align-justify elementor-widget elementor-widget-button\" data-id=\"ba14dea\" data-element_type=\"widget\" data-e-type=\"widget\" data-widget_type=\"button.default\">\n\t\t\t\t<div class=\"elementor-widget-container\">\n\t\t\t\t\t\t\t\t\t<div class=\"elementor-button-wrapper\">\n\t\t\t\t\t<a class=\"elementor-button elementor-button-link elementor-size-md\" href=\"https:\/\/ebreboto.com\/ca\/contacte\/\">\n\t\t\t\t\t\t<span class=\"elementor-button-content-wrapper\">\n\t\t\t\t\t\t<span class=\"elementor-button-icon\">\n\t\t\t\t\t\t\t<\/span>\n\t\t\t\t\t\t\t\t\t<span class=\"elementor-button-text\">M\u00e9s informaci\u00f3<\/span>\n\t\t\t\t\t<\/span>\n\t\t\t\t\t<\/a>\n\t\t\t\t<\/div>\n\t\t\t\t\t\t\t\t<\/div>\n\t\t\t\t<\/div>\n\t\t\t\t<\/div>\n\t\t<div class=\"elementor-element elementor-element-010a00e e-con-full e-flex e-con e-child\" data-id=\"010a00e\" data-element_type=\"container\" data-e-type=\"container\">\n\t\t\t\t<div class=\"elementor-element elementor-element-b0abb94 elementor-widget elementor-widget-image\" data-id=\"b0abb94\" data-element_type=\"widget\" data-e-type=\"widget\" data-widget_type=\"image.default\">\n\t\t\t\t<div class=\"elementor-widget-container\">\n\t\t\t\t\t\t\t\t\t\t\t\t\t\t\t<img fetchpriority=\"high\" decoding=\"async\" width=\"400\" height=\"400\" src=\"https:\/\/ebreboto.com\/wp-content\/uploads\/2025\/05\/boton-de-corozo-natural.png\" class=\"attachment-large size-large wp-image-350\" alt=\"\" srcset=\"https:\/\/ebreboto.com\/wp-content\/uploads\/2025\/05\/boton-de-corozo-natural.png 400w, https:\/\/ebreboto.com\/wp-content\/uploads\/2025\/05\/boton-de-corozo-natural-300x300.png 300w, https:\/\/ebreboto.com\/wp-content\/uploads\/2025\/05\/boton-de-corozo-natural-150x150.png 150w\" sizes=\"(max-width: 400px) 100vw, 400px\" \/>\t\t\t\t\t\t\t\t\t\t\t\t\t\t\t<\/div>\n\t\t\t\t<\/div>\n\t\t\t\t<\/div>\n\t\t\t\t\t<\/div>\n\t\t\t\t<\/div>\n\t\t\t\t<\/div>\n\t\t","protected":false},"excerpt":{"rendered":"<p>Cor\u00f3 Natural El nostre bot\u00f3 de cor\u00f3s natural procedeix de l&#8217;arbre que produeix la castanya Tagua, un material 100% vegetal i sostenible. Cada pe\u00e7a s \u201cextreu de forma responsable de la llavor d\u201d aquest palmell, cosa que li brinda un to c\u00e0lid i una textura lleugerament vetejada. Gr\u00e0cies al seu acabat mat ia la seva [&hellip;]<\/p>\n","protected":false},"author":1,"featured_media":0,"parent":0,"menu_order":0,"comment_status":"closed","ping_status":"closed","template":"","meta":{"footnotes":""},"class_list":["post-399","page","type-page","status-publish","hentry"],"_links":{"self":[{"href":"https:\/\/ebreboto.com\/ca\/wp-json\/wp\/v2\/pages\/399","targetHints":{"allow":["GET"]}}],"collection":[{"href":"https:\/\/ebreboto.com\/ca\/wp-json\/wp\/v2\/pages"}],"about":[{"href":"https:\/\/ebreboto.com\/ca\/wp-json\/wp\/v2\/types\/page"}],"author":[{"embeddable":true,"href":"https:\/\/ebreboto.com\/ca\/wp-json\/wp\/v2\/users\/1"}],"replies":[{"embeddable":true,"href":"https:\/\/ebreboto.com\/ca\/wp-json\/wp\/v2\/comments?post=399"}],"version-history":[{"count":1,"href":"https:\/\/ebreboto.com\/ca\/wp-json\/wp\/v2\/pages\/399\/revisions"}],"predecessor-version":[{"id":400,"href":"https:\/\/ebreboto.com\/ca\/wp-json\/wp\/v2\/pages\/399\/revisions\/400"}],"wp:attachment":[{"href":"https:\/\/ebreboto.com\/ca\/wp-json\/wp\/v2\/media?parent=399"}],"curies":[{"name":"wp","href":"https:\/\/api.w.org\/{rel}","templated":true}]}}