{"id":407,"date":"2025-06-23T15:37:59","date_gmt":"2025-06-23T13:37:59","guid":{"rendered":"https:\/\/ebreboto.com\/botons-de-fusta-dolivera\/"},"modified":"2025-06-23T15:37:59","modified_gmt":"2025-06-23T13:37:59","slug":"botons-de-fusta-dolivera","status":"publish","type":"page","link":"https:\/\/ebreboto.com\/ca\/botons-de-fusta-dolivera\/","title":{"rendered":"Botons de fusta d&#8217;olivera"},"content":{"rendered":"\t\t<div data-elementor-type=\"wp-page\" data-elementor-id=\"407\" class=\"elementor elementor-407 elementor-126\" data-elementor-post-type=\"page\">\n\t\t\t\t<div class=\"elementor-element elementor-element-42098cb e-flex e-con-boxed e-con e-parent\" data-id=\"42098cb\" data-element_type=\"container\" data-e-type=\"container\" data-settings=\"{&quot;background_background&quot;:&quot;classic&quot;}\">\n\t\t\t\t\t<div class=\"e-con-inner\">\n\t\t\t\t\t<\/div>\n\t\t\t\t<\/div>\n\t\t<div class=\"elementor-element elementor-element-c7fa759 e-flex e-con-boxed e-con e-parent\" data-id=\"c7fa759\" data-element_type=\"container\" data-e-type=\"container\">\n\t\t\t\t\t<div class=\"e-con-inner\">\n\t\t<div class=\"elementor-element elementor-element-be494ed e-con-full e-flex e-con e-child\" data-id=\"be494ed\" data-element_type=\"container\" data-e-type=\"container\">\n\t\t\t\t<div class=\"elementor-element elementor-element-eee6ded elementor-widget elementor-widget-image\" data-id=\"eee6ded\" data-element_type=\"widget\" data-e-type=\"widget\" data-widget_type=\"image.default\">\n\t\t\t\t<div class=\"elementor-widget-container\">\n\t\t\t\t\t\t\t\t\t\t\t\t\t\t\t<img fetchpriority=\"high\" decoding=\"async\" width=\"400\" height=\"400\" src=\"https:\/\/ebreboto.com\/wp-content\/uploads\/2025\/05\/boton-madera-de-olivo.png\" class=\"attachment-large size-large wp-image-348\" alt=\"\" srcset=\"https:\/\/ebreboto.com\/wp-content\/uploads\/2025\/05\/boton-madera-de-olivo.png 400w, https:\/\/ebreboto.com\/wp-content\/uploads\/2025\/05\/boton-madera-de-olivo-300x300.png 300w, https:\/\/ebreboto.com\/wp-content\/uploads\/2025\/05\/boton-madera-de-olivo-150x150.png 150w\" sizes=\"(max-width: 400px) 100vw, 400px\" \/>\t\t\t\t\t\t\t\t\t\t\t\t\t\t\t<\/div>\n\t\t\t\t<\/div>\n\t\t\t\t<\/div>\n\t\t<div class=\"elementor-element elementor-element-7691fc1 e-con-full e-flex e-con e-child\" data-id=\"7691fc1\" data-element_type=\"container\" data-e-type=\"container\">\n\t\t\t\t<div class=\"elementor-element elementor-element-743d317 elementor-widget elementor-widget-heading\" data-id=\"743d317\" data-element_type=\"widget\" data-e-type=\"widget\" data-widget_type=\"heading.default\">\n\t\t\t\t<div class=\"elementor-widget-container\">\n\t\t\t\t\t<h1 class=\"elementor-heading-title elementor-size-default\">Olivera Natural\n<\/h1>\t\t\t\t<\/div>\n\t\t\t\t<\/div>\n\t\t\t\t<div class=\"elementor-element elementor-element-c32f533 elementor-widget elementor-widget-text-editor\" data-id=\"c32f533\" data-element_type=\"widget\" data-e-type=\"widget\" data-widget_type=\"text-editor.default\">\n\t\t\t\t<div class=\"elementor-widget-container\">\n\t\t\t\t\t\t\t\t\t<p>Descobreix l&#8217;eleg\u00e0ncia i la calidesa del nostre bot\u00f3 fabricat en fusta d&#8217;olivera. Cada pe\u00e7a procedeix directament d&#8217;arbres oliverers seleccionats, fet que li aporta un acabat \u00fanic amb vetes naturals i suaus tonalitats daurades. La seva superf\u00edcie polida ressalta les l\u00ednies org\u00e0niques de la fusta, oferint un detall r\u00fastic i sofisticat a qualsevol pe\u00e7a. A m\u00e9s de la seva est\u00e8tica, la fusta d&#8217;olivera garanteix durabilitat i resist\u00e8ncia, convertint aquest bot\u00f3 a l&#8217;elecci\u00f3 perfecta per a dissenys que busquen qualitat, autenticitat i un toc de naturalesa.   <\/p>\t\t\t\t\t\t\t\t<\/div>\n\t\t\t\t<\/div>\n\t\t\t\t<div class=\"elementor-element elementor-element-f7bf854 elementor-align-justify elementor-widget elementor-widget-button\" data-id=\"f7bf854\" data-element_type=\"widget\" data-e-type=\"widget\" data-widget_type=\"button.default\">\n\t\t\t\t<div class=\"elementor-widget-container\">\n\t\t\t\t\t\t\t\t\t<div class=\"elementor-button-wrapper\">\n\t\t\t\t\t<a class=\"elementor-button elementor-button-link elementor-size-md\" href=\"https:\/\/ebreboto.com\/ca\/contacte\/\">\n\t\t\t\t\t\t<span class=\"elementor-button-content-wrapper\">\n\t\t\t\t\t\t<span class=\"elementor-button-icon\">\n\t\t\t\t\t\t\t<\/span>\n\t\t\t\t\t\t\t\t\t<span class=\"elementor-button-text\">M\u00e9s informaci\u00f3<\/span>\n\t\t\t\t\t<\/span>\n\t\t\t\t\t<\/a>\n\t\t\t\t<\/div>\n\t\t\t\t\t\t\t\t<\/div>\n\t\t\t\t<\/div>\n\t\t\t\t<\/div>\n\t\t\t\t\t<\/div>\n\t\t\t\t<\/div>\n\t\t\t\t<\/div>\n\t\t","protected":false},"excerpt":{"rendered":"<p>Olivera Natural Descobreix l&#8217;eleg\u00e0ncia i la calidesa del nostre bot\u00f3 fabricat en fusta d&#8217;olivera. Cada pe\u00e7a procedeix directament d&#8217;arbres oliverers seleccionats, fet que li aporta un acabat \u00fanic amb vetes naturals i suaus tonalitats daurades. La seva superf\u00edcie polida ressalta les l\u00ednies org\u00e0niques de la fusta, oferint un detall r\u00fastic i sofisticat a qualsevol pe\u00e7a. [&hellip;]<\/p>\n","protected":false},"author":1,"featured_media":0,"parent":0,"menu_order":0,"comment_status":"closed","ping_status":"closed","template":"","meta":{"footnotes":""},"class_list":["post-407","page","type-page","status-publish","hentry"],"_links":{"self":[{"href":"https:\/\/ebreboto.com\/ca\/wp-json\/wp\/v2\/pages\/407","targetHints":{"allow":["GET"]}}],"collection":[{"href":"https:\/\/ebreboto.com\/ca\/wp-json\/wp\/v2\/pages"}],"about":[{"href":"https:\/\/ebreboto.com\/ca\/wp-json\/wp\/v2\/types\/page"}],"author":[{"embeddable":true,"href":"https:\/\/ebreboto.com\/ca\/wp-json\/wp\/v2\/users\/1"}],"replies":[{"embeddable":true,"href":"https:\/\/ebreboto.com\/ca\/wp-json\/wp\/v2\/comments?post=407"}],"version-history":[{"count":1,"href":"https:\/\/ebreboto.com\/ca\/wp-json\/wp\/v2\/pages\/407\/revisions"}],"predecessor-version":[{"id":408,"href":"https:\/\/ebreboto.com\/ca\/wp-json\/wp\/v2\/pages\/407\/revisions\/408"}],"wp:attachment":[{"href":"https:\/\/ebreboto.com\/ca\/wp-json\/wp\/v2\/media?parent=407"}],"curies":[{"name":"wp","href":"https:\/\/api.w.org\/{rel}","templated":true}]}}