{"id":415,"date":"2025-06-23T16:37:12","date_gmt":"2025-06-23T14:37:12","guid":{"rendered":"https:\/\/ebreboto.com\/historia\/"},"modified":"2025-06-23T16:37:13","modified_gmt":"2025-06-23T14:37:13","slug":"historia","status":"publish","type":"page","link":"https:\/\/ebreboto.com\/ca\/historia\/","title":{"rendered":"Hist\u00f2ria"},"content":{"rendered":"\t\t<div data-elementor-type=\"wp-page\" data-elementor-id=\"415\" class=\"elementor elementor-415 elementor-7\" data-elementor-post-type=\"page\">\n\t\t\t\t<div class=\"elementor-element elementor-element-8a827f9 e-flex e-con-boxed e-con e-parent\" data-id=\"8a827f9\" data-element_type=\"container\" data-e-type=\"container\" data-settings=\"{&quot;background_background&quot;:&quot;classic&quot;}\">\n\t\t\t\t\t<div class=\"e-con-inner\">\n\t\t\t\t<div class=\"elementor-element elementor-element-f2e938f elementor-widget elementor-widget-heading\" data-id=\"f2e938f\" data-element_type=\"widget\" data-e-type=\"widget\" data-widget_type=\"heading.default\">\n\t\t\t\t<div class=\"elementor-widget-container\">\n\t\t\t\t\t<h1 class=\"elementor-heading-title elementor-size-default\">OR\u00cdGEN<\/h1>\t\t\t\t<\/div>\n\t\t\t\t<\/div>\n\t\t\t\t\t<\/div>\n\t\t\t\t<\/div>\n\t\t<div class=\"elementor-element elementor-element-49bf1e3 e-flex e-con-boxed e-con e-parent\" data-id=\"49bf1e3\" data-element_type=\"container\" data-e-type=\"container\">\n\t\t\t\t\t<div class=\"e-con-inner\">\n\t\t<div class=\"elementor-element elementor-element-1b89a15 e-con-full e-flex e-con e-child\" data-id=\"1b89a15\" data-element_type=\"container\" data-e-type=\"container\">\n\t\t\t\t<div class=\"elementor-element elementor-element-026797e elementor-widget elementor-widget-heading\" data-id=\"026797e\" data-element_type=\"widget\" data-e-type=\"widget\" data-widget_type=\"heading.default\">\n\t\t\t\t<div class=\"elementor-widget-container\">\n\t\t\t\t\t<h2 class=\"elementor-heading-title elementor-size-default\">El primer dia<\/h2>\t\t\t\t<\/div>\n\t\t\t\t<\/div>\n\t\t\t\t<div class=\"elementor-element elementor-element-ee7d4ef elementor-widget elementor-widget-text-editor\" data-id=\"ee7d4ef\" data-element_type=\"widget\" data-e-type=\"widget\" data-widget_type=\"text-editor.default\">\n\t\t\t\t<div class=\"elementor-widget-container\">\n\t\t\t\t\t\t\t\t\t<p data-start=\"234\" data-end=\"661\"><strong data-start=\"234\" data-end=\"263\">Rogelio Figueras <\/strong>Llaveria va fundar <strong data-start=\"270\" data-end=\"282\">EBREBOT\u00d3<\/strong> l&#8217;any 2001, despr\u00e9s d&#8217;haver acumulat m\u00e9s de <strong data-start=\"333\" data-end=\"359\">12 anys d&#8217;experi\u00e8ncia<\/strong> al sector dels botons. Durant aquest per\u00edode va treballar en dues empreses clau del sector: <strong data-start=\"452\" data-end=\"466\">TOAR, S.A.<\/strong>, un dels majors fabricants de botons a nivell internacional, i posteriorment a <strong data-start=\"553\" data-end=\"569\">KANASE, S.A.,<\/strong> especialitzada en la transformaci\u00f3 de resines de poli\u00e8ster per a la fabricaci\u00f3 de botons. <\/p><p data-start=\"663\" data-end=\"921\">Amb tot aquest coneixement i traject\u00f2ria, va decidir emprendre el seu propi projecte a <strong data-start=\"744\" data-end=\"773\">Santa B\u00e0rbara (Tarragona)<\/strong>, una localitat amb gran tradici\u00f3 a la ind\u00fastria botonera. Aix\u00ed va n\u00e9ixer EBREBOT\u00d3, una empresa centrada en la <strong data-start=\"881\" data-end=\"920\">fabricaci\u00f3 de tota mena de botons.<\/strong> <\/p>\t\t\t\t\t\t\t\t<\/div>\n\t\t\t\t<\/div>\n\t\t\t\t<\/div>\n\t\t<div class=\"elementor-element elementor-element-f9fed3f e-con-full e-flex e-con e-child\" data-id=\"f9fed3f\" data-element_type=\"container\" data-e-type=\"container\">\n\t\t\t\t<div class=\"elementor-element elementor-element-defdf8b elementor-widget elementor-widget-image\" data-id=\"defdf8b\" data-element_type=\"widget\" data-e-type=\"widget\" data-widget_type=\"image.default\">\n\t\t\t\t<div class=\"elementor-widget-container\">\n\t\t\t\t\t\t\t\t\t\t\t\t\t\t\t<img decoding=\"async\" width=\"150\" height=\"223\" src=\"https:\/\/ebreboto.com\/wp-content\/uploads\/2025\/06\/9cece4d3-5f44-4396-817f-00318ea5f000.png\" class=\"attachment-large size-large wp-image-394\" alt=\"\" \/>\t\t\t\t\t\t\t\t\t\t\t\t\t\t\t<\/div>\n\t\t\t\t<\/div>\n\t\t\t\t<\/div>\n\t\t\t\t\t<\/div>\n\t\t\t\t<\/div>\n\t\t<div class=\"elementor-element elementor-element-9c56e1b e-flex e-con-boxed e-con e-parent\" data-id=\"9c56e1b\" data-element_type=\"container\" data-e-type=\"container\" data-settings=\"{&quot;background_background&quot;:&quot;classic&quot;,&quot;shape_divider_top&quot;:&quot;mountains&quot;,&quot;shape_divider_bottom&quot;:&quot;mountains&quot;}\">\n\t\t\t\t\t<div class=\"e-con-inner\">\n\t\t\t\t<div class=\"elementor-shape elementor-shape-top\" aria-hidden=\"true\" data-negative=\"false\">\n\t\t\t<svg xmlns=\"http:\/\/www.w3.org\/2000\/svg\" viewBox=\"0 0 1000 100\" preserveAspectRatio=\"none\">\n\t<path class=\"elementor-shape-fill\" opacity=\"0.33\" d=\"M473,67.3c-203.9,88.3-263.1-34-320.3,0C66,119.1,0,59.7,0,59.7V0h1000v59.7 c0,0-62.1,26.1-94.9,29.3c-32.8,3.3-62.8-12.3-75.8-22.1C806,49.6,745.3,8.7,694.9,4.7S492.4,59,473,67.3z\"\/>\n\t<path class=\"elementor-shape-fill\" opacity=\"0.66\" d=\"M734,67.3c-45.5,0-77.2-23.2-129.1-39.1c-28.6-8.7-150.3-10.1-254,39.1 s-91.7-34.4-149.2,0C115.7,118.3,0,39.8,0,39.8V0h1000v36.5c0,0-28.2-18.5-92.1-18.5C810.2,18.1,775.7,67.3,734,67.3z\"\/>\n\t<path class=\"elementor-shape-fill\" d=\"M766.1,28.9c-200-57.5-266,65.5-395.1,19.5C242,1.8,242,5.4,184.8,20.6C128,35.8,132.3,44.9,89.9,52.5C28.6,63.7,0,0,0,0 h1000c0,0-9.9,40.9-83.6,48.1S829.6,47,766.1,28.9z\"\/>\n<\/svg>\t\t<\/div>\n\t\t\t\t<div class=\"elementor-shape elementor-shape-bottom\" aria-hidden=\"true\" data-negative=\"false\">\n\t\t\t<svg xmlns=\"http:\/\/www.w3.org\/2000\/svg\" viewBox=\"0 0 1000 100\" preserveAspectRatio=\"none\">\n\t<path class=\"elementor-shape-fill\" opacity=\"0.33\" d=\"M473,67.3c-203.9,88.3-263.1-34-320.3,0C66,119.1,0,59.7,0,59.7V0h1000v59.7 c0,0-62.1,26.1-94.9,29.3c-32.8,3.3-62.8-12.3-75.8-22.1C806,49.6,745.3,8.7,694.9,4.7S492.4,59,473,67.3z\"\/>\n\t<path class=\"elementor-shape-fill\" opacity=\"0.66\" d=\"M734,67.3c-45.5,0-77.2-23.2-129.1-39.1c-28.6-8.7-150.3-10.1-254,39.1 s-91.7-34.4-149.2,0C115.7,118.3,0,39.8,0,39.8V0h1000v36.5c0,0-28.2-18.5-92.1-18.5C810.2,18.1,775.7,67.3,734,67.3z\"\/>\n\t<path class=\"elementor-shape-fill\" d=\"M766.1,28.9c-200-57.5-266,65.5-395.1,19.5C242,1.8,242,5.4,184.8,20.6C128,35.8,132.3,44.9,89.9,52.5C28.6,63.7,0,0,0,0 h1000c0,0-9.9,40.9-83.6,48.1S829.6,47,766.1,28.9z\"\/>\n<\/svg>\t\t<\/div>\n\t\t<div class=\"elementor-element elementor-element-02eb562 e-con-full e-flex e-con e-child\" data-id=\"02eb562\" data-element_type=\"container\" data-e-type=\"container\">\n\t\t\t\t<div class=\"elementor-element elementor-element-60b412b elementor-widget elementor-widget-image\" data-id=\"60b412b\" data-element_type=\"widget\" data-e-type=\"widget\" data-widget_type=\"image.default\">\n\t\t\t\t<div class=\"elementor-widget-container\">\n\t\t\t\t\t\t\t\t\t\t\t\t\t\t\t<img fetchpriority=\"high\" decoding=\"async\" width=\"800\" height=\"800\" src=\"https:\/\/ebreboto.com\/wp-content\/uploads\/2025\/05\/botones-1024x1024.png\" class=\"attachment-large size-large wp-image-334\" alt=\"\" srcset=\"https:\/\/ebreboto.com\/wp-content\/uploads\/2025\/05\/botones-1024x1024.png 1024w, https:\/\/ebreboto.com\/wp-content\/uploads\/2025\/05\/botones-300x300.png 300w, https:\/\/ebreboto.com\/wp-content\/uploads\/2025\/05\/botones-150x150.png 150w, https:\/\/ebreboto.com\/wp-content\/uploads\/2025\/05\/botones-768x768.png 768w, https:\/\/ebreboto.com\/wp-content\/uploads\/2025\/05\/botones.png 1080w\" sizes=\"(max-width: 800px) 100vw, 800px\" \/>\t\t\t\t\t\t\t\t\t\t\t\t\t\t\t<\/div>\n\t\t\t\t<\/div>\n\t\t\t\t<\/div>\n\t\t<div class=\"elementor-element elementor-element-afa2f06 e-con-full e-flex e-con e-child\" data-id=\"afa2f06\" data-element_type=\"container\" data-e-type=\"container\" data-settings=\"{&quot;background_background&quot;:&quot;classic&quot;}\">\n\t\t\t\t<div class=\"elementor-element elementor-element-021ded9 elementor-widget elementor-widget-heading\" data-id=\"021ded9\" data-element_type=\"widget\" data-e-type=\"widget\" data-widget_type=\"heading.default\">\n\t\t\t\t<div class=\"elementor-widget-container\">\n\t\t\t\t\t<h2 class=\"elementor-heading-title elementor-size-default\">Creixement i especialitzaci\u00f3<\/h2>\t\t\t\t<\/div>\n\t\t\t\t<\/div>\n\t\t\t\t<div class=\"elementor-element elementor-element-6f36976 elementor-widget elementor-widget-text-editor\" data-id=\"6f36976\" data-element_type=\"widget\" data-e-type=\"widget\" data-widget_type=\"text-editor.default\">\n\t\t\t\t<div class=\"elementor-widget-container\">\n\t\t\t\t\t\t\t\t\t<p data-start=\"957\" data-end=\"1206\">Des dels seus inicis, EBREBOT\u00d3 ha mantingut una evoluci\u00f3 constant. En els primers anys ja comencem a desenvolupar <strong data-start=\"1072\" data-end=\"1157\">mostraris espec\u00edfics per a fabricants de confecci\u00f3 i majoristes de fornitures<\/strong>, adaptant-nos a les necessitats de cada client. <\/p><p data-start=\"1208\" data-end=\"1451\">El 2009, vam fer un pas important amb l&#8217;adquisici\u00f3 d&#8217;una nova nau industrial de 5<strong data-start=\"1293\" data-end=\"1303\">00 m\u00b2,<\/strong> cosa que ens va permetre modernitzar la nostra producci\u00f3 i ampliar les nostres capacitats. Des de llavors fabriquem botons de diferents materials com: <\/p><ul data-start=\"1453\" data-end=\"1551\"><li data-start=\"1453\" data-end=\"1470\"><p data-start=\"1455\" data-end=\"1470\"><strong data-start=\"1455\" data-end=\"1468\">Poli\u00e8ster<\/strong><\/p><\/li><li data-start=\"1471\" data-end=\"1492\"><p data-start=\"1473\" data-end=\"1492\"><strong data-start=\"1473\" data-end=\"1490\">N\u00e0car natural<\/strong><\/p><\/li><li data-start=\"1493\" data-end=\"1515\"><p data-start=\"1495\" data-end=\"1515\"><strong data-start=\"1495\" data-end=\"1513\">Banya natural<\/strong><\/p><\/li><li data-start=\"1516\" data-end=\"1538\"><p data-start=\"1518\" data-end=\"1538\"><strong data-start=\"1518\" data-end=\"1536\">Cor\u00f3s natural<\/strong><\/p><\/li><li data-start=\"1539\" data-end=\"1551\"><p data-start=\"1541\" data-end=\"1551\"><strong data-start=\"1541\" data-end=\"1551\">Trenka<\/strong><\/p><\/li><\/ul><p data-start=\"1553\" data-end=\"1721\">A m\u00e9s, incorporem la <strong data-start=\"1577\" data-end=\"1597\">tecnologia l\u00e0ser<\/strong> per oferir un servei de <strong data-start=\"1626\" data-end=\"1645\">personalitzaci\u00f3 <\/strong>de botons per a camiseria, pantalons, sastreria i altres tipus de confecci\u00f3.<\/p><h2 data-start=\"1723\" data-end=\"1743\">Els nostres clients<\/h2><p data-start=\"1745\" data-end=\"1978\">Gr\u00e0cies a l&#8217;esfor\u00e7, la qualitat i la serietat del nostre treball, a EBREBOT\u00d3 hem aconseguit col\u00b7laborar amb algunes de les marques m\u00e9s reconegudes del sector t\u00e8xtil, com <strong data-start=\"1913\" data-end=\"1921\">Zara<\/strong>, <strong data-start=\"1934\" data-end=\"1947\">Mango<\/strong>, <strong data-start=\"1923\" data-end=\"1932\">Cortefiel <\/strong>i <strong data-start=\"1950\" data-end=\"1964\">Punto Roma<\/strong>, entre d&#8217;altres.<\/p>\t\t\t\t\t\t\t\t<\/div>\n\t\t\t\t<\/div>\n\t\t\t\t<\/div>\n\t\t\t\t\t<\/div>\n\t\t\t\t<\/div>\n\t\t<div class=\"elementor-element elementor-element-6a396ce e-flex e-con-boxed e-con e-parent\" data-id=\"6a396ce\" data-element_type=\"container\" data-e-type=\"container\" data-settings=\"{&quot;background_background&quot;:&quot;classic&quot;}\">\n\t\t\t\t\t<div class=\"e-con-inner\">\n\t\t\t\t<div class=\"elementor-element elementor-element-4e83591 elementor-widget elementor-widget-spacer\" data-id=\"4e83591\" data-element_type=\"widget\" data-e-type=\"widget\" data-widget_type=\"spacer.default\">\n\t\t\t\t<div class=\"elementor-widget-container\">\n\t\t\t\t\t\t\t<div class=\"elementor-spacer\">\n\t\t\t<div class=\"elementor-spacer-inner\"><\/div>\n\t\t<\/div>\n\t\t\t\t\t\t<\/div>\n\t\t\t\t<\/div>\n\t\t\t\t<div class=\"elementor-element elementor-element-b9ea276 elementor-widget elementor-widget-text-editor\" data-id=\"b9ea276\" data-element_type=\"widget\" data-e-type=\"widget\" data-widget_type=\"text-editor.default\">\n\t\t\t\t<div class=\"elementor-widget-container\">\n\t\t\t\t\t\t\t\t\t<h2 data-start=\"234\" data-end=\"661\"><strong>Evoluci\u00f3: neix EBO<\/strong><\/h2><p data-start=\"2004\" data-end=\"2225\">Recentment hem fet un nou pas en la nostra evoluci\u00f3 amb la creaci\u00f3 <strong data-start=\"2083\" data-end=\"2090\">d&#8217;EBO<\/strong>, una marca que neix d&#8217;EBREBOT\u00d3 amb l&#8217;objectiu de refor\u00e7ar el nostre comprom\u00eds amb la qualitat, la innovaci\u00f3 i el servei al client.<\/p><p data-start=\"2227\" data-end=\"2491\">EBO representa una nova manera d&#8217;entendre la nostra feina, basada en un tracte proper i personalitzat, amb una aposta ferma per la millora cont\u00ednua. Volem que cada client rebi exactament el que necessita, en el menor temps possible i amb la m\u00e0xima qualitat. <\/p><h2 data-start=\"2493\" data-end=\"2511\"><strong>El nostre enfocament<\/strong><\/h2><p data-start=\"2513\" data-end=\"2763\">A EBO creiem a <strong data-start=\"2531\" data-end=\"2558\">&#8220;La for\u00e7a del detall&#8221;<\/strong>. Sabem que un bot\u00f3 pot semblar petit, per\u00f2 el seu impacte en el disseny i acabat d&#8217;una pe\u00e7a \u00e9s enorme. Per aix\u00f2, treballem cada dia per oferir productes que marquen la difer\u00e8ncia a cada col\u00b7lecci\u00f3.  <\/p><p data-start=\"2765\" data-end=\"2951\">Ens sentim part del m\u00f3n de la <strong data-start=\"2800\" data-end=\"2820\">moda i el disseny<\/strong>, i volem avan\u00e7ar amb tu, oferint solucions pr\u00e0ctiques, adaptades i amb un alt nivell d&#8217;exig\u00e8ncia a cada fase del proc\u00e9s.<\/p>\t\t\t\t\t\t\t\t<\/div>\n\t\t\t\t<\/div>\n\t\t\t\t<div class=\"elementor-element elementor-element-036e5d3 elementor-widget elementor-widget-spacer\" data-id=\"036e5d3\" data-element_type=\"widget\" data-e-type=\"widget\" data-widget_type=\"spacer.default\">\n\t\t\t\t<div class=\"elementor-widget-container\">\n\t\t\t\t\t\t\t<div class=\"elementor-spacer\">\n\t\t\t<div class=\"elementor-spacer-inner\"><\/div>\n\t\t<\/div>\n\t\t\t\t\t\t<\/div>\n\t\t\t\t<\/div>\n\t\t\t\t\t<\/div>\n\t\t\t\t<\/div>\n\t\t\t\t<\/div>\n\t\t","protected":false},"excerpt":{"rendered":"<p>OR\u00cdGEN El primer dia Rogelio Figueras Llaveria va fundar EBREBOT\u00d3 l&#8217;any 2001, despr\u00e9s d&#8217;haver acumulat m\u00e9s de 12 anys d&#8217;experi\u00e8ncia al sector dels botons. Durant aquest per\u00edode va treballar en dues empreses clau del sector: TOAR, S.A., un dels majors fabricants de botons a nivell internacional, i posteriorment a KANASE, S.A., especialitzada en la transformaci\u00f3 [&hellip;]<\/p>\n","protected":false},"author":1,"featured_media":0,"parent":0,"menu_order":0,"comment_status":"closed","ping_status":"closed","template":"","meta":{"footnotes":""},"class_list":["post-415","page","type-page","status-publish","hentry"],"_links":{"self":[{"href":"https:\/\/ebreboto.com\/ca\/wp-json\/wp\/v2\/pages\/415","targetHints":{"allow":["GET"]}}],"collection":[{"href":"https:\/\/ebreboto.com\/ca\/wp-json\/wp\/v2\/pages"}],"about":[{"href":"https:\/\/ebreboto.com\/ca\/wp-json\/wp\/v2\/types\/page"}],"author":[{"embeddable":true,"href":"https:\/\/ebreboto.com\/ca\/wp-json\/wp\/v2\/users\/1"}],"replies":[{"embeddable":true,"href":"https:\/\/ebreboto.com\/ca\/wp-json\/wp\/v2\/comments?post=415"}],"version-history":[{"count":1,"href":"https:\/\/ebreboto.com\/ca\/wp-json\/wp\/v2\/pages\/415\/revisions"}],"predecessor-version":[{"id":416,"href":"https:\/\/ebreboto.com\/ca\/wp-json\/wp\/v2\/pages\/415\/revisions\/416"}],"wp:attachment":[{"href":"https:\/\/ebreboto.com\/ca\/wp-json\/wp\/v2\/media?parent=415"}],"curies":[{"name":"wp","href":"https:\/\/api.w.org\/{rel}","templated":true}]}}